{"id":276,"date":"2023-12-07T22:50:41","date_gmt":"2023-12-07T21:50:41","guid":{"rendered":"https:\/\/tetrailaubure.fr\/index.php\/mesmerize-2\/"},"modified":"2026-03-12T09:20:38","modified_gmt":"2026-03-12T08:20:38","slug":"mesmerize-2","status":"publish","type":"page","link":"https:\/\/tetrailaubure.fr\/","title":{"rendered":"Front Page"},"content":{"rendered":"<div  data-label=\"Aubure Autrement\" data-id=\"about--1\" data-export-id=\"about-9\" data-category=\"about\" class=\"about-9 content-section content-section-spacing\" id=\"aubure-autrement\" style=\"background-color: rgb(245, 250, 253);\"><div  class=\"gridContainer\"> <div  class=\"row middle-sm text-center\"><div  class=\"col-sm-5 space-bottom-xs content-column content-right-sm\" data-type=\"column\">  <h2  class=\"\">Aubure Autrement<\/h2> <p  class=\"\">Perch\u00e9 \u00e0 800 m\u00e8tres d\u2019altitude, Aubure, territoire du Grand T\u00e9tras et plus haut village d\u2019Alsace vous invite \u00e0 venir d\u00e9couvrir ses sentiers et chemins forestiers.\n<br ><br >Le comit\u00e9 des f\u00eates d\u2019Aubure vous propose deux parcours de trail au coeur du massif vosgien, \n<br >la T\u00e9trail 10 et la Grand T\u00e9trail.\n<br ><br >Alliant sport, plaisir et bonne humeur, une parenth\u00e8se sportive, ludique et festive pour petits (la mini T\u00e9trail et la T\u00e9trail Kids) et grands !<\/p> <\/div> <div  class=\"col-sm-7 flexbox flexbox middle-xs center-xs space-bottom-xs\"><div  class=\"overlay-box flexbox middle-xs center-xs overlay-holder \"> <div  class=\"overlay-box-offset offset-background shadow-medium bg-color2 hide-xs\"><\/div> <img  decoding=\"async\" class=\"flexbox shadow-large img1\" src=\"https:\/\/tetrailaubure.fr\/wp-content\/uploads\/2023\/12\/229004036_1.webp\" data-size=\"600x400\" title=\"aubure-autrement\" alt=\"aubure-autrement\"><\/div> <\/div><\/div> <\/div><\/div><div  data-label=\"Les courses\" data-id=\"features--1\" data-export-id=\"features-16\" data-category=\"features\" class=\"features-16 content-section content-section-spacing\" id=\"les-courses\" style=\"background-color: rgb(245, 250, 253);\"><div  class=\"gridContainer\"> <div  class=\"row text-center\"><div  class=\"section-title-col\" data-type=\"column\"> <h2  class=\"\">Les courses<\/h2> <\/div> <\/div> <div  class=\"row spaced-cols\" data-type=\"row\"> <div  class=\"col-xs-12 col-sm-6 col-md-4 space-bottom\"> <img  decoding=\"async\" class=\"face\" src=\"https:\/\/tetrailaubure.fr\/wp-content\/uploads\/2023\/12\/IMG-20231217-WA0023.jpg\" title=\"IMG-20231217-WA0023\" alt=\"\"> <div  data-type=\"column\" class=\"col-padding-small col-padding-small-xs description-container\"> <a  data-cp-link=\"1\" href=\"https:\/\/www.sporkrono.fr\/event\/tetrail-daubure\" class=\"\" target=\"_blank\" rel=\"noopener\"><img  decoding=\"async\" class=\"custom-image\" src=\"https:\/\/tetrailaubure.fr\/wp-content\/uploads\/2024\/03\/430265212_899156352000681_4865760572914606849_n-1.jpg\" title=\"IMG-20231112-WA0003\" alt=\"\"><\/a><h4  class=\"font-500\">Le T\u00e9trail 10<\/h4> <h6  class=\"\">10km\/250d<\/h6><h6  class=\"\">D\u00e9part : 15h<\/h6><p  class=\"\">Accessible d\u00e8s 16ans, le T\u00e9trail Aubure vous proposera une palette compl\u00e8te du trail.<br >Chemins, sentiers techniques et d\u00e9nivel\u00e9s seront au programme d\u2019un parcours qui se veut ludique et sportif.<br >Adapt\u00e9s \u00e0 tout coureur, ces 10 kilom\u00e8tres de pur bonheur vous offriront un d\u00e9cor 100% nature tout au long de votre progression.<\/p> <\/div> <\/div> <div  class=\"col-xs-12 col-sm-6 col-md-4 space-bottom\"> <img  decoding=\"async\" class=\"face\" src=\"https:\/\/tetrailaubure.fr\/wp-content\/uploads\/2023\/12\/IMG-20231217-WA0023.jpg\" title=\"IMG-20231217-WA0023\" alt=\"\"> <div  data-type=\"column\" class=\"col-padding-small col-padding-small-xs description-container\"> <a  data-cp-link=\"1\" href=\"https:\/\/www.sporkrono.fr\/event\/tetrail-daubure\" class=\"\" target=\"_blank\" rel=\"noopener\"><img  decoding=\"async\" class=\"custom-image\" src=\"https:\/\/tetrailaubure.fr\/wp-content\/uploads\/2023\/12\/IMG-20231217-WA00051.jpg\" title=\"IMG-20231217-WA0005(1)\" alt=\"\"><\/a><h4  class=\"font-500\">Le Grand T\u00e9trail<\/h4> <h6  class=\"\">21km\/650d<\/h6><h6  class=\"\">D\u00e9part : 17h<\/h6><p  class=\"\">Avec ses deux boucles distinctes (12,5 et 8,5 kilom\u00e8tres) aux profils diff\u00e9rents, le Grand T\u00e9trail vous surprendra par la diversit\u00e9 de son trac\u00e9.<br >Joueuse et exigeante, elle vous fera d\u00e9couvrir quelques un des lieux incontournables du secteur d\u2019Aubure.<br >Terrain de jeu id\u00e9al pour les f\u00e9rus de trail, ces 20 kilom\u00e8tres au profil vari\u00e9 ont plus d\u2019un tour dans leur sac !<br >Vous partirez pour une premi\u00e8re boucle de plaisir et enchainerez avec une seconde de bonheur apr\u00e8s \u00eatre repass\u00e9s par la ligne de d\u00e9part pour faire le plein d\u2019\u00e9nergie positive.<\/p> <\/div> <\/div><div  class=\"col-xs-12 col-sm-6 col-md-4 space-bottom\"> <img  decoding=\"async\" class=\"face\" src=\"https:\/\/tetrailaubure.fr\/wp-content\/uploads\/2023\/12\/IMG-20231217-WA0023.jpg\" title=\"IMG-20231217-WA0023\" alt=\"\"> <div  data-type=\"column\" class=\"col-padding-small col-padding-small-xs description-container\"> <a  data-cp-link=\"1\" href=\"https:\/\/www.sporkrono.fr\/event\/tetrail-daubure\" class=\"\" target=\"_blank\" rel=\"noopener\"><img  decoding=\"async\" class=\"custom-image\" src=\"https:\/\/tetrailaubure.fr\/wp-content\/uploads\/2023\/12\/IMG-20231217-WA0020.jpg\" title=\"IMG-20231112-WA0003\" alt=\"\"><\/a><h4  class=\"font-500\">Le Mini T\u00e9trail \/ Le T\u00e9trail Kids<\/h4> <h6  class=\"\">2019-2021 (500m) \/<br > 2016-2018 (1km)<\/h6><h6  class=\"\">D\u00e9parts: 14h30\/14h40<\/h6><p  class=\"\">Pour faire comme les grands, m\u00e9daille au cou \u00e0 l\u2019arriv\u00e9e et fiert\u00e9 de leurs parents !<br >Deux parcours nature adapt\u00e9s aux futurs champions.<\/p> <\/div> <\/div> <div  class=\"col-xs-12 col-sm-6 col-md-4 space-bottom\"> <img  decoding=\"async\" class=\"face\" src=\"https:\/\/tetrailaubure.fr\/wp-content\/uploads\/2023\/12\/IMG-20231217-WA0023.jpg\" title=\"IMG-20231217-WA0023\" alt=\"\"> <div  data-type=\"column\" class=\"col-padding-small col-padding-small-xs description-container\"> <a  data-cp-link=\"1\" href=\"#\" class=\"\" target=\"_self\" rel=\"noopener\"><img  decoding=\"async\" class=\"custom-image\" src=\"https:\/\/tetrailaubure.fr\/wp-content\/uploads\/2024\/11\/Tetrail24_GBraye-115-scaled.jpg\" title=\"IMG-20231112-WA0003\" alt=\"\"><\/a><h4  class=\"font-500\">Le T\u00e9trail Pack<\/h4> <h6  class=\"\">10km\/250d + 21km\/650d<\/h6><h6  class=\"\">D\u00e9part : 15h et 17h<\/h6><p  class=\"\">Accessible d\u00e8s 18ans, la T\u00e9trail Pack vous proposera de combiner nos 2 trails (T\u00e9trail 10 et Le Grand T\u00e9trail)<br >Chemins, sentiers techniques et d\u00e9nivel\u00e9s seront au programme d\u2019un parcours qui se veut ludique et sportif.<br >Adapt\u00e9s \u00e0 tout coureur, ces 10 et 21 kilom\u00e8tres de pur bonheur vous offriront un d\u00e9cor 100% nature tout au long de votre progression.<\/p> <\/div> <\/div><div  class=\"col-xs-12 col-sm-6 col-md-4 space-bottom\"> <img  decoding=\"async\" class=\"face\" src=\"https:\/\/tetrailaubure.fr\/wp-content\/uploads\/2023\/12\/IMG-20231217-WA0023.jpg\" title=\"IMG-20231217-WA0023\" alt=\"\"> <div  data-type=\"column\" class=\"col-padding-small col-padding-small-xs description-container\"> <a  data-cp-link=\"1\" href=\"https:\/\/www.sporkrono.fr\/event\/tetrail-daubure\" class=\"\" target=\"_blank\" rel=\"noopener\"><img  decoding=\"async\" class=\"custom-image\" src=\"https:\/\/tetrailaubure.fr\/wp-content\/uploads\/2024\/11\/cropped-Tetrail24_GBraye-108-scaled-1.jpg\" title=\"IMG-20231112-WA0003\" alt=\"\"><\/a><h4  class=\"font-500\">Le Relais du Grand T\u00e9trail<\/h4> <h6  class=\"\">12,5km\/370d + 8,5km\/280d<\/h6><h6  class=\"\">D\u00e9part : 17h<\/h6><p  class=\"\">Accessible d\u00e8s 16ans, le Relais du Grand T\u00e9trail vous proposera de partager un moment de plaisir en famille, entre amis.<br >Chemins, sentiers techniques et d\u00e9nivel\u00e9s seront au programme d\u2019un parcours qui se veut ludique et sportif.<br >Adapt\u00e9s \u00e0 tout coureur, ce relais de pur bonheur vous offrira un d\u00e9cor 100% nature tout au long de votre progression.<\/p> <\/div> <\/div><\/div> <\/div><\/div><div  id=\"tarifs\" style=\"background-color: #ffffff;\" data-label=\"Tarifs\" data-id=\"features-12-card-bordered\" data-export-id=\"features-12-card-bordered\" data-category=\"features\" class=\"features-12-card-bordered content-section content-section-spacing \"><div  class=\"gridContainer\"> <div  class=\"row text-center\"><div  class=\"section-title-col\" data-type=\"column\"> <h2  class=\"\">Tarifs<\/h2> <\/div> <\/div> <div  class=\"row spaced-cols center-sm\" data-type=\"row\"> <div  class=\"col-sm-6\"> <div  class=\"card row-card bordered y-move\"> <div  class=\"row\"> <div  class=\"col-sm-fit icon-column\"> <i  class=\"fa icon color2 fa-euro bordered round\"><\/i> <\/div> <div  class=\"col-sm\" data-type=\"column\"> <h5  class=\"color2\">Le T\u00e9trail 10<\/h5> <h3  class=\"\">8\u20ac<\/h3><p  class=\"\">Majoration de 2\u20ac \u00e0 partir du 28 avril 2026<\/p><\/div> <\/div><\/div> <\/div> <div  class=\"col-sm-6\"> <div  class=\"card row-card bordered y-move\"> <div  class=\"row\"> <div  class=\"col-sm-fit icon-column\"> <i  class=\"fa icon color2 fa-euro bordered round\"><\/i> <\/div> <div  class=\"col-sm\" data-type=\"column\"> <h5  class=\"color2\">Le Grand T\u00e9trail<\/h5> <h3  class=\"\">17\u20ac<\/h3><p  class=\"\">Majoration de 2\u20ac \u00e0 partir du 28 avril 2026<\/p><\/div> <\/div><\/div> <\/div> <div  class=\"col-sm-6\"> <div  class=\"card row-card bordered y-move\"> <div  class=\"row\"> <div  class=\"col-sm-fit icon-column\"> <i  class=\"fa icon fa-cube round bordered color2\"><\/i> <\/div> <div  class=\"col-sm\" data-type=\"column\"> <h5  class=\"color2\">Le mini T\u00e9trail \/ Le T\u00e9trail kids<\/h5> <h3  class=\"\">3\u20ac<\/h3><\/div> <\/div><\/div> <\/div> <div  class=\"col-sm-6\"> <div  class=\"card row-card bordered y-move\"> <div  class=\"row\"> <div  class=\"col-sm-fit icon-column\"> <i  class=\"fa icon color2 fa-euro bordered round\"><\/i> <\/div> <div  class=\"col-sm\" data-type=\"column\"> <h5  class=\"color2\">Le T\u00e9trail Pack<\/h5> <h3  class=\"\">24\u20ac<\/h3><p  class=\"\">Majoration de 2\u20ac \u00e0 partir du 28 avril 2026<\/p><\/div> <\/div><\/div> <\/div><div  class=\"col-sm-6\"> <div  class=\"card row-card bordered y-move\"> <div  class=\"row\"> <div  class=\"col-sm-fit icon-column\"> <i  class=\"fa icon color2 fa-euro bordered round\"><\/i> <\/div> <div  class=\"col-sm\" data-type=\"column\"> <h5  class=\"color2\">Le Relais du Grand T\u00e9trail<\/h5> <h3  class=\"\">18\u20ac<\/h3><p  class=\"\">Majoration de 2\u20ac \u00e0 partir du 28 avril 2026<\/p><\/div> <\/div><\/div> <\/div><\/div> <\/div><\/div><div  id=\"reglement\" style=\"background-color: #f5fafd;\" data-label=\"Reglement\" data-id=\"content-2\" data-export-id=\"content-2\" data-category=\"content\" class=\"content-2 content-section content-section-spacing\"><div  class=\"\"> <div  class=\"row middle-xs\"><div  class=\"col-sm-5 bg-image shadow-large-black\" data-bg=\"image\" style=\"background-image: url(&quot;https:\/\/tetrailaubure.fr\/wp-content\/uploads\/2023\/12\/cropped-IMG-20231217-WA0013.jpg&quot;);\"><\/div> <div  class=\"col-sm-7 full-col-left-padding full-col-right-padding\"> <div  class=\"row\"> <div  data-type=\"column\" class=\"space-bottom-small content-title-col\">  <h2  class=\"\">R\u00e8glement<\/h2> <p  class=\"\">Le r\u00e8glement est accessible depuis le lien ci-dessous :<\/p><a  class=\"link\" href=\"https:\/\/drive.google.com\/file\/d\/1Wq0sS791Pql2T7hQBQ5jRpMg5hLSVVNl\/preview\" target=\"_blank\" data-cp-link=\"1\" rel=\"noopener\">voir le r\u00e8glement<\/a><\/div> <\/div> <div  class=\"row spaced-cols\" data-type=\"row\"> <div  class=\"col-xs-6 col-md-6\" data-type=\"column\">  <\/div>    <\/div><\/div> <\/div><\/div> <\/div><div  data-label=\"Complices\" data-id=\"clients--1\" data-export-id=\"clients-4\" data-category=\"clients\" class=\"clients-4 content-section content-section-spacing-small\" id=\"complices\" style=\"background-color: rgb(245, 250, 253);\"><div  class=\"gridContainer\"> <div  class=\"row\"><div  data-type=\"column\" class=\"section-title-col\"> <h2  class=\"font-700\">Complices<\/h2> <a  data-cp-link=\"1\" href=\"#\" class=\"\" target=\"_blank\"><img  decoding=\"async\" class=\"custom-image\" src=\"https:\/\/www.e.leclerc\/?utm_source=Awin&amp;utm_medium=Direct%20Linking&amp;utm_campaign=289389&amp;sv1=affiliate&amp;sv_campaign_id=289389&amp;awc=15135_1773301974_5528e22cd3ae28d6150282e93f950179\" title=\"cropped-FB-ER-015-Demi-page-associative-1.jpg\" alt=\"\"><\/a><\/div> <\/div> <div  data-type=\"row\" class=\"row spaced-cols middle-xs center-xs space-bottom padding-lr\">  <div  class=\"col-xs-6 col-sm-2 col-md-3\"> <\/div> <div  class=\"col-xs-6 col-sm-2 col-md-3\"> <a  data-cp-link=\"1\" href=\"https:\/\/sogea-environnement.fr\" class=\"\" target=\"_blank\" rel=\"noopener\"><img  decoding=\"async\" src=\"https:\/\/tetrailaubure.fr\/wp-content\/uploads\/2023\/12\/SOGEA_LOGO_PRINT_Q-scaled.jpg\" class=\"\" title=\"SOGEA_LOGO_PRINT_Q\" alt=\"\"><\/a><\/div>  <div  class=\"col-xs-6 col-sm-2 col-md-3\"> <\/div> <div  class=\"col-xs-6 col-sm-2 col-md-3\"> <a  data-cp-link=\"1\" href=\"https:\/\/www.brasserie-vignoble.fr\" class=\"\" target=\"_blank\" rel=\"noopener\"><img  decoding=\"async\" src=\"https:\/\/tetrailaubure.fr\/wp-content\/uploads\/2023\/12\/BRAV-1.png\" class=\"\" title=\"BRAV\" alt=\"\"><\/a><a data-cp-link=\"1\" href=\"#\"  class=\"\" target=\"_self\"><img decoding=\"async\"  class=\"custom-image\" src=\"https:\/\/www.e.leclerc\/?utm_source=Awin&amp;utm_medium=Direct%20Linking&amp;utm_campaign=289389&amp;sv1=affiliate&amp;sv_campaign_id=289389&amp;awc=15135_1773301974_5528e22cd3ae28d6150282e93f950179\" title=\"FB-ER-015-Demi-page-associative\" alt=\"\"><\/a><a data-cp-link=\"1\" href=\"https:\/\/www.e.leclerc?utm_source=Awin&amp;utm_medium=Direct%20Linking&amp;utm_campaign=289389&amp;sv1=affiliate&amp;sv_campaign_id=289389&amp;awc=15135_1773301974_5528e22cd3ae28d6150282e93f950179\"  class=\"\" target=\"_blank\"><img decoding=\"async\"  class=\"custom-image\" src=\"https:\/\/www.e.leclerc\/?utm_source=Awin&amp;utm_medium=Direct%20Linking&amp;utm_campaign=289389&amp;sv1=affiliate&amp;sv_campaign_id=289389&amp;awc=15135_1773301974_5528e22cd3ae28d6150282e93f950179\" title=\"FB-ER-015-Demi-page-associative\" alt=\"\"><\/a><img decoding=\"async\"  class=\"custom-image\" src=\"https:\/\/tetrailaubure.fr\/wp-content\/uploads\/2024\/02\/FB-ER-015-Demi-page-associative-e1773302605443.jpg\" title=\"FB-ER-015-Demi-page-associative\" alt=\"\"><\/div> <div  class=\"col-xs-6 col-sm-2 col-md-3\"> <a  data-cp-link=\"1\" href=\"https:\/\/www.bikeandrunin.fr\" class=\"\" target=\"_blank\" rel=\"noopener\"><img  decoding=\"async\" src=\"https:\/\/tetrailaubure.fr\/wp-content\/uploads\/2023\/12\/cropped-BIKEANDRUNIN-1.jpg\" class=\"\" title=\"BIKEANDRUNIN\" alt=\"\"><\/a><a  data-cp-link=\"1\" href=\"https:\/\/www.bikeandrunin.fr\" class=\"\" target=\"_blank\" rel=\"noopener\"><img  decoding=\"async\" class=\"custom-image\" src=\"https:\/\/tetrailaubure.fr\/wp-content\/uploads\/2023\/12\/BIKEANDRUNIN-1.jpg\" title=\"BIKEANDRUNIN\" alt=\"\"><\/a><\/div><div  class=\"col-xs-6 col-sm-2 col-md-3\"> <a  data-cp-link=\"1\" href=\"https:\/\/www.sporkrono.fr\" class=\"\" target=\"_blank\" rel=\"noopener\"><img  decoding=\"async\" src=\"https:\/\/tetrailaubure.fr\/wp-content\/uploads\/2023\/12\/9e5708ff.jpeg\" class=\"\" title=\"9e5708ff\" alt=\"\"><\/a><a  data-cp-link=\"1\" href=\"https:\/\/joker-courses.com\" class=\"\" target=\"_blank\" rel=\"noopener\"><img  decoding=\"async\" class=\"custom-image\" src=\"https:\/\/tetrailaubure.fr\/wp-content\/uploads\/2023\/12\/cropped-JOKER-COURSES-LOGO-2021-WEB.png\" title=\"cropped-JOKER-COURSES-LOGO-2021-WEB.png\" alt=\"\"><\/a><\/div><div  class=\"col-xs-6 col-sm-2 col-md-3\"><a  data-cp-link=\"1\" href=\"https:\/\/naturoparc.fr\" class=\"\" target=\"_blank\" rel=\"noopener\"><img  decoding=\"async\" class=\"custom-image\" src=\"https:\/\/tetrailaubure.fr\/wp-content\/uploads\/2023\/12\/cropped-logo-naturoparc2022.png\" title=\"cropped-logo-naturoparc2022.png\" alt=\"\"><\/a> <\/div><div  class=\"col-xs-6 col-sm-2 col-md-3\"><a  data-cp-link=\"1\" href=\"https:\/\/www.isaropiping.fr\" class=\"\" target=\"_blank\" rel=\"noopener\"><img  decoding=\"async\" class=\"custom-image\" src=\"https:\/\/tetrailaubure.fr\/wp-content\/uploads\/2023\/12\/cropped-LOGO.jpg\" title=\"cropped-LOGO.jpg\" alt=\"\"><\/a> <\/div><div  class=\"col-xs-6 col-sm-2 col-md-3\"><img  decoding=\"async\" class=\"custom-image\" src=\"https:\/\/tetrailaubure.fr\/wp-content\/uploads\/2023\/12\/cropped-logoPublivalTCR-_1_-1.jpg\" title=\"logoPublivalTCR-_1_\" alt=\"\"> <a  data-cp-link=\"1\" href=\"https:\/\/www.renovation-habitat-alsace.fr\" class=\"\" target=\"_blank\" rel=\"noopener\"><img  decoding=\"async\" class=\"custom-image\" src=\"https:\/\/tetrailaubure.fr\/wp-content\/uploads\/2024\/02\/RHA-LOGO2015-WEB.jpg\" title=\"RHA-LOGO2015-PRINT\" alt=\"\"><\/a><\/div><div  class=\"col-xs-6 col-sm-2 col-md-3\"> <a  data-cp-link=\"1\" href=\"https:\/\/sogea-environnement.fr\" class=\"\" target=\"_blank\" rel=\"noopener\"><img  decoding=\"async\" class=\"custom-image\" src=\"https:\/\/tetrailaubure.fr\/wp-content\/uploads\/2023\/12\/cropped-SOGEA_LOGO_PRINT_Q-scaled-1.jpg\" title=\"SOGEA_LOGO_PRINT_Q\" alt=\"\"><\/a><a data-cp-link=\"1\" href=\"#\"  class=\"\" target=\"_blank\"><img decoding=\"async\"  class=\"custom-image\" src=\"https:\/\/www.e.leclerc\/?utm_source=Awin&amp;utm_medium=Direct%20Linking&amp;utm_campaign=289389&amp;sv1=affiliate&amp;sv_campaign_id=289389&amp;awc=15135_1773301974_5528e22cd3ae28d6150282e93f950179\" title=\"FB-ER-015-Demi-page-associative\" alt=\"\"><\/a><\/div><div  class=\"col-xs-6 col-sm-2 col-md-3\"> <a  data-cp-link=\"1\" href=\"https:\/\/www.ambassade-strasbourg.fr\" class=\"\" target=\"_blank\" rel=\"noopener\"><img  decoding=\"async\" src=\"https:\/\/tetrailaubure.fr\/wp-content\/uploads\/2024\/01\/cropped-logo-Ambassade.jpg\" class=\"\" title=\"sponsor-francois-caillaux\" alt=\"sponsor-francois-caillaux\"><\/a><\/div><div  class=\"col-xs-6 col-sm-2 col-md-3\"> <a  data-cp-link=\"1\" href=\"https:\/\/www.cordagesgautier.com\" class=\"\" target=\"_blank\" rel=\"noopener\"><img  decoding=\"async\" src=\"https:\/\/tetrailaubure.fr\/wp-content\/uploads\/2024\/01\/cropped-logo_carre.png\" class=\"\" title=\"sponsor-francois-caillaux\" alt=\"sponsor-francois-caillaux\"><\/a><\/div><div  class=\"col-xs-6 col-sm-2 col-md-3\"> <a  data-cp-link=\"1\" href=\"https:\/\/burstert.fr\" class=\"\" target=\"_blank\" rel=\"noopener\"><img  decoding=\"async\" src=\"https:\/\/tetrailaubure.fr\/wp-content\/uploads\/2024\/01\/cropped-burstert-logo-encart-_1_-scaled-1.jpg\" class=\"\" title=\"sponsor-francois-caillaux\" alt=\"sponsor-francois-caillaux\"><\/a><\/div><div  class=\"col-xs-6 col-sm-2 col-md-3\"> <a data-cp-link=\"1\" href=\"#\"  class=\"\" target=\"_blank\"><img decoding=\"async\"  class=\"custom-image\" src=\"https:\/\/www.e.leclerc\/?utm_source=Awin&amp;utm_medium=Direct%20Linking&amp;utm_campaign=289389&amp;sv1=affiliate&amp;sv_campaign_id=289389&amp;awc=15135_1773301974_5528e22cd3ae28d6150282e93f950179\" title=\"FB-ER-015-Demi-page-associative\" alt=\"\"><\/a><a  data-cp-link=\"1\" href=\"https:\/\/www.fassler.fr\" class=\"\" target=\"_blank\" rel=\"noopener\"><img  decoding=\"async\" src=\"https:\/\/tetrailaubure.fr\/wp-content\/uploads\/2024\/01\/cropped-LOGO-FASSLER-LOGO-RVB.jpg\" class=\"\" title=\"sponsor-francois-caillaux\" alt=\"sponsor-francois-caillaux\"><\/a><\/div><div  class=\"col-xs-6 col-sm-2 col-md-3\"> <a  data-cp-link=\"1\" href=\"https:\/\/paysagiste.alsace\/paysagistes\/verts-2-terre-paysage\" class=\"\" target=\"_blank\" rel=\"noopener\"><img  decoding=\"async\" src=\"https:\/\/tetrailaubure.fr\/wp-content\/uploads\/2024\/01\/cropped-logo-seul-_1_.jpg\" class=\"\" title=\"sponsor-francois-caillaux\" alt=\"sponsor-francois-caillaux\"><\/a><\/div><div  class=\"col-xs-6 col-sm-2 col-md-3\"> <\/div><div  class=\"col-xs-6 col-sm-2 col-md-3\"> <a  data-cp-link=\"1\" href=\"https:\/\/www.ad.fr\/garage\/ad-carrosserie-sarl-canton-vert-automobiles\" class=\"\" target=\"_blank\" rel=\"noopener\"><img  decoding=\"async\" class=\"custom-image\" src=\"https:\/\/tetrailaubure.fr\/wp-content\/uploads\/2024\/02\/Canton-vert-automobiles.jpeg\" title=\"cropped-unnamed.jpg\" alt=\"\"><\/a><\/div><div  class=\"col-xs-6 col-sm-2 col-md-3\"> <\/div><div  class=\"col-xs-6 col-sm-2 col-md-3\"> <a  data-cp-link=\"1\" href=\"https:\/\/www.vacancespep.fr\" class=\"\" target=\"_blank\" rel=\"noopener\"><img  decoding=\"async\" class=\"custom-image\" src=\"https:\/\/tetrailaubure.fr\/wp-content\/uploads\/2024\/12\/cropped-Logo-PEP-Bleu-intermediaire-V1.png\" title=\"cropped-unnamed.jpg\" alt=\"\"><\/a><\/div><div  class=\"col-xs-6 col-sm-2 col-md-3\"><img  decoding=\"async\" class=\"custom-image\" src=\"https:\/\/tetrailaubure.fr\/wp-content\/uploads\/2025\/04\/cropped-Outlook-0tmzsqgn.jpg\" title=\"cropped-Outlook-0tmzsqgn.jpg\" alt=\"\"> <\/div><div  class=\"col-xs-6 col-sm-2 col-md-3\"> <\/div><div  class=\"col-xs-6 col-sm-2 col-md-3\"> <\/div><div  class=\"col-xs-6 col-sm-2 col-md-3\"> <\/div><div  class=\"col-xs-6 col-sm-2 col-md-3\"> <\/div><\/div><\/div> <\/div><div  id=\"contact-form\" data-label=\"Contact\" data-id=\"contact-1\" data-export-id=\"contact-1\" data-category=\"contact\" class=\"contact-1 content-section content-section-spacing white-text\" data-parallax-depth=\"20\" style=\"background-size: cover; background-position: center top; background-image: url(&quot;https:\/\/tetrailaubure.fr\/wp-content\/uploads\/2023\/12\/grand-tetras-065357-650-400.webp&quot;);\"><div  class=\"gridContainer\"> <div  class=\"row text-center\"><div  class=\"section-title-col\" data-type=\"column\"> <h2  class=\"\">Contact<\/h2> <p  class=\"lead\">Pour toute question relative \u00e0 l\u2019\u00e9v\u00e8nement, n\u2019h\u00e9sitez pas \u00e0 nous contacter via le formulaire ci-dessous.<\/p><\/div> <\/div> <div  class=\"row text-center\"> <div  class=\"col-xs-12 col-sm-8 col-sm-offset-2 contact-form-wrapper inline-info\"> <div  class=\"card large-padding\"> <div  class=\"\" data-content-shortcode=\"mesmerize_contact_form shortcode=&quot;contact-form-7 id=&amp;amp;quot;dd3a060&amp;amp;quot; title=&amp;amp;quot;Formulaire de contact&amp;amp;quot;&quot;\" data-editable=\"true\">\n<div class=\"wpcf7 no-js\" id=\"wpcf7-f238-o1\" lang=\"fr-FR\" dir=\"ltr\">\n<div class=\"screen-reader-response\"><p role=\"status\" aria-live=\"polite\" aria-atomic=\"true\"><\/p> <ul><\/ul><\/div>\n<form action=\"\/index.php\/wp-json\/wp\/v2\/pages\/276#wpcf7-f238-o1\" method=\"post\" class=\"wpcf7-form init\" aria-label=\"Formulaire de contact\" novalidate=\"novalidate\" data-status=\"init\">\n<div style=\"display: none;\">\n<input type=\"hidden\" name=\"_wpcf7\" value=\"238\" \/>\n<input type=\"hidden\" name=\"_wpcf7_version\" value=\"5.9.3\" \/>\n<input type=\"hidden\" name=\"_wpcf7_locale\" value=\"fr_FR\" \/>\n<input type=\"hidden\" name=\"_wpcf7_unit_tag\" value=\"wpcf7-f238-o1\" \/>\n<input type=\"hidden\" name=\"_wpcf7_container_post\" value=\"0\" \/>\n<input type=\"hidden\" name=\"_wpcf7_posted_data_hash\" value=\"\" \/>\n<\/div>\n<p><label> Votre nom<br \/>\n<span class=\"wpcf7-form-control-wrap\" data-name=\"your-name\"><input size=\"40\" class=\"wpcf7-form-control wpcf7-text wpcf7-validates-as-required\" autocomplete=\"name\" aria-required=\"true\" aria-invalid=\"false\" value=\"\" type=\"text\" name=\"your-name\" \/><\/span> <\/label>\n<\/p>\n<p><label> Votre e-mail<br \/>\n<span class=\"wpcf7-form-control-wrap\" data-name=\"your-email\"><input size=\"40\" class=\"wpcf7-form-control wpcf7-email wpcf7-validates-as-required wpcf7-text wpcf7-validates-as-email\" autocomplete=\"email\" aria-required=\"true\" aria-invalid=\"false\" value=\"\" type=\"email\" name=\"your-email\" \/><\/span> <\/label>\n<\/p>\n<p><label> Objet<br \/>\n<span class=\"wpcf7-form-control-wrap\" data-name=\"your-subject\"><input size=\"40\" class=\"wpcf7-form-control wpcf7-text wpcf7-validates-as-required\" aria-required=\"true\" aria-invalid=\"false\" value=\"\" type=\"text\" name=\"your-subject\" \/><\/span> <\/label>\n<\/p>\n<p><label> Votre message<br \/>\n<span class=\"wpcf7-form-control-wrap\" data-name=\"your-message\"><textarea cols=\"40\" rows=\"10\" class=\"wpcf7-form-control wpcf7-textarea\" aria-invalid=\"false\" name=\"your-message\"><\/textarea><\/span> <\/label>\n<\/p>\n<p><input class=\"wpcf7-form-control wpcf7-submit has-spinner\" type=\"submit\" value=\"Envoyer\" \/>\n<\/p><p style=\"display: none !important;\" class=\"akismet-fields-container\" data-prefix=\"_wpcf7_ak_\"><label>&#916;<textarea name=\"_wpcf7_ak_hp_textarea\" cols=\"45\" rows=\"8\" maxlength=\"100\"><\/textarea><\/label><input type=\"hidden\" id=\"ak_js_1\" name=\"_wpcf7_ak_js\" value=\"81\"\/><script>document.getElementById( \"ak_js_1\" ).setAttribute( \"value\", ( new Date() ).getTime() );<\/script><\/p><div class=\"wpcf7-response-output\" aria-hidden=\"true\"><\/div>\n<\/form>\n<\/div>\n<\/div><\/div> <\/div><\/div> <\/div><\/div><!-- Created with Elementor -->","protected":false},"excerpt":{"rendered":"<p>Aubure Autrement Perch\u00e9 \u00e0 800 m\u00e8tres d\u2019altitude, Aubure, territoire du Grand T\u00e9tras et plus haut village d\u2019Alsace vous invite \u00e0 venir d\u00e9couvrir ses sentiers et chemins forestiers. Le comit\u00e9 des f\u00eates d\u2019Aubure vous propose deux parcours de trail au coeur du massif vosgien, la T\u00e9trail 10 et la Grand T\u00e9trail. Alliant sport, plaisir et bonne&hellip; <br \/> <a class=\"read-more\" href=\"https:\/\/tetrailaubure.fr\/\">Lire la suite<\/a><\/p>\n","protected":false},"author":1,"featured_media":0,"parent":0,"menu_order":0,"comment_status":"closed","ping_status":"closed","template":"page-templates\/homepage.php","meta":{"footnotes":""},"class_list":["post-276","page","type-page","status-publish","hentry"],"_links":{"self":[{"href":"https:\/\/tetrailaubure.fr\/index.php\/wp-json\/wp\/v2\/pages\/276","targetHints":{"allow":["GET"]}}],"collection":[{"href":"https:\/\/tetrailaubure.fr\/index.php\/wp-json\/wp\/v2\/pages"}],"about":[{"href":"https:\/\/tetrailaubure.fr\/index.php\/wp-json\/wp\/v2\/types\/page"}],"author":[{"embeddable":true,"href":"https:\/\/tetrailaubure.fr\/index.php\/wp-json\/wp\/v2\/users\/1"}],"replies":[{"embeddable":true,"href":"https:\/\/tetrailaubure.fr\/index.php\/wp-json\/wp\/v2\/comments?post=276"}],"version-history":[{"count":67,"href":"https:\/\/tetrailaubure.fr\/index.php\/wp-json\/wp\/v2\/pages\/276\/revisions"}],"predecessor-version":[{"id":562,"href":"https:\/\/tetrailaubure.fr\/index.php\/wp-json\/wp\/v2\/pages\/276\/revisions\/562"}],"wp:attachment":[{"href":"https:\/\/tetrailaubure.fr\/index.php\/wp-json\/wp\/v2\/media?parent=276"}],"curies":[{"name":"wp","href":"https:\/\/api.w.org\/{rel}","templated":true}]}}